{"id":14472,"date":"2026-04-01T11:42:36","date_gmt":"2026-04-01T11:42:36","guid":{"rendered":"https:\/\/www.meupatrocinio.com\/?page_id=14472"},"modified":"2026-04-01T13:14:23","modified_gmt":"2026-04-01T13:14:23","slug":"press-media","status":"publish","type":"page","link":"https:\/\/www.meupatrocinio.com\/en\/press-media\/","title":{"rendered":"MeuPatroc\u00ednio in the Media"},"content":{"rendered":"","protected":false},"excerpt":{"rendered":"","protected":false},"author":9,"featured_media":13154,"parent":0,"menu_order":0,"comment_status":"closed","ping_status":"closed","template":"imprensa-e-midia.php","meta":{"_acf_changed":false,"footnotes":""},"class_list":["post-14472","page","type-page","status-publish","has-post-thumbnail","hentry"],"acf":[],"yoast_head":"<!-- This site is optimized with the Yoast SEO plugin v27.2 - https:\/\/yoast.com\/product\/yoast-seo-wordpress\/ -->\n<title>MeuPatroc\u00ednio in the Media - MeuPatroc\u00ednio<\/title>\n<meta name=\"description\" content=\"MeuPatroc\u00ednio in the Media - MeuPatroc\u00ednio\" \/>\n<meta name=\"robots\" content=\"index, follow, max-snippet:-1, max-image-preview:large, max-video-preview:-1\" \/>\n<link rel=\"canonical\" href=\"https:\/\/www.meupatrocinio.com\/en\/press-media\/\" \/>\n<meta property=\"og:locale\" content=\"en_US\" \/>\n<meta property=\"og:type\" content=\"article\" \/>\n<meta property=\"og:title\" content=\"MeuPatroc\u00ednio in the Media - MeuPatroc\u00ednio\" \/>\n<meta property=\"og:description\" content=\"MeuPatroc\u00ednio in the Media - MeuPatroc\u00ednio\" \/>\n<meta property=\"og:url\" content=\"https:\/\/www.meupatrocinio.com\/en\/press-media\/\" \/>\n<meta property=\"og:site_name\" content=\"MeuPatroc\u00ednio\" \/>\n<meta property=\"article:publisher\" content=\"https:\/\/www.facebook.com\/meupatrocinio\" \/>\n<meta property=\"article:modified_time\" content=\"2026-04-01T13:14:23+00:00\" \/>\n<meta property=\"og:image\" content=\"https:\/\/wp-assets-prod.meupatrocinio.com\/wp-content\/uploads\/2020\/02\/05172302\/imprensa-e-media.jpeg\" \/>\n\t<meta property=\"og:image:width\" content=\"1280\" \/>\n\t<meta property=\"og:image:height\" content=\"960\" \/>\n\t<meta property=\"og:image:type\" content=\"image\/jpeg\" \/>\n<meta name=\"twitter:card\" content=\"summary_large_image\" \/>\n<meta name=\"twitter:site\" content=\"@meupatrocinio\" \/>\n<!-- \/ Yoast SEO plugin. -->","yoast_head_json":{"title":"MeuPatroc\u00ednio in the Media - MeuPatroc\u00ednio","description":"MeuPatroc\u00ednio in the Media - MeuPatroc\u00ednio","robots":{"index":"index","follow":"follow","max-snippet":"max-snippet:-1","max-image-preview":"max-image-preview:large","max-video-preview":"max-video-preview:-1"},"canonical":"https:\/\/www.meupatrocinio.com\/en\/press-media\/","og_locale":"en_US","og_type":"article","og_title":"MeuPatroc\u00ednio in the Media - MeuPatroc\u00ednio","og_description":"MeuPatroc\u00ednio in the Media - MeuPatroc\u00ednio","og_url":"https:\/\/www.meupatrocinio.com\/en\/press-media\/","og_site_name":"MeuPatroc\u00ednio","article_publisher":"https:\/\/www.facebook.com\/meupatrocinio","article_modified_time":"2026-04-01T13:14:23+00:00","og_image":[{"width":1280,"height":960,"url":"https:\/\/wp-assets-prod.meupatrocinio.com\/wp-content\/uploads\/2020\/02\/05172302\/imprensa-e-media.jpeg","type":"image\/jpeg"}],"twitter_card":"summary_large_image","twitter_site":"@meupatrocinio","schema":{"@context":"https:\/\/schema.org","@graph":[{"@type":"WebPage","@id":"https:\/\/www.meupatrocinio.com\/en\/press-media\/","url":"https:\/\/www.meupatrocinio.com\/en\/press-media\/","name":"MeuPatroc\u00ednio in the Media - MeuPatroc\u00ednio","isPartOf":{"@id":"https:\/\/www.meupatrocinio.com\/en\/#website"},"primaryImageOfPage":{"@id":"https:\/\/www.meupatrocinio.com\/en\/press-media\/#primaryimage"},"image":{"@id":"https:\/\/www.meupatrocinio.com\/en\/press-media\/#primaryimage"},"thumbnailUrl":"https:\/\/wp-assets-prod.meupatrocinio.com\/wp-content\/uploads\/2020\/02\/05172302\/imprensa-e-media.jpeg","datePublished":"2026-04-01T11:42:36+00:00","dateModified":"2026-04-01T13:14:23+00:00","description":"MeuPatroc\u00ednio in the Media - MeuPatroc\u00ednio","breadcrumb":{"@id":"https:\/\/www.meupatrocinio.com\/en\/press-media\/#breadcrumb"},"inLanguage":"en-US","potentialAction":[{"@type":"ReadAction","target":["https:\/\/www.meupatrocinio.com\/en\/press-media\/"]}]},{"@type":"ImageObject","inLanguage":"en-US","@id":"https:\/\/www.meupatrocinio.com\/en\/press-media\/#primaryimage","url":"https:\/\/wp-assets-prod.meupatrocinio.com\/wp-content\/uploads\/2020\/02\/05172302\/imprensa-e-media.jpeg","contentUrl":"https:\/\/wp-assets-prod.meupatrocinio.com\/wp-content\/uploads\/2020\/02\/05172302\/imprensa-e-media.jpeg","width":1280,"height":960,"caption":"imprensa e media"},{"@type":"BreadcrumbList","@id":"https:\/\/www.meupatrocinio.com\/en\/press-media\/#breadcrumb","itemListElement":[{"@type":"ListItem","position":1,"name":"In\u00edcio","item":"https:\/\/www.meupatrocinio.com\/en\/"},{"@type":"ListItem","position":2,"name":"MeuPatroc\u00ednio in the Media"}]},{"@type":"WebSite","@id":"https:\/\/www.meupatrocinio.com\/en\/#website","url":"https:\/\/www.meupatrocinio.com\/en\/","name":"MeuPatroc\u00ednio","description":"A maior comunidade para Sugar Daddy e Sugar Baby do Brasil","publisher":{"@id":"https:\/\/www.meupatrocinio.com\/en\/#organization"},"potentialAction":[{"@type":"SearchAction","target":{"@type":"EntryPoint","urlTemplate":"https:\/\/www.meupatrocinio.com\/en\/?s={search_term_string}"},"query-input":{"@type":"PropertyValueSpecification","valueRequired":true,"valueName":"search_term_string"}}],"inLanguage":"en-US"},{"@type":"Organization","@id":"https:\/\/www.meupatrocinio.com\/en\/#organization","name":"MeuPatroc\u00ednio","url":"https:\/\/www.meupatrocinio.com\/en\/","logo":{"@type":"ImageObject","inLanguage":"en-US","@id":"https:\/\/www.meupatrocinio.com\/en\/#\/schema\/logo\/image\/","url":"https:\/\/wp-assets-prod.meupatrocinio.com\/wp-content\/uploads\/2024\/07\/10184408\/MeuPatrocinio-logo-WH-BG.png","contentUrl":"https:\/\/wp-assets-prod.meupatrocinio.com\/wp-content\/uploads\/2024\/07\/10184408\/MeuPatrocinio-logo-WH-BG.png","width":1750,"height":267,"caption":"MeuPatroc\u00ednio"},"image":{"@id":"https:\/\/www.meupatrocinio.com\/en\/#\/schema\/logo\/image\/"},"sameAs":["https:\/\/www.facebook.com\/meupatrocinio","https:\/\/x.com\/meupatrocinio","https:\/\/www.instagram.com\/meupatrocinio\/","https:\/\/www.youtube.com\/channel\/UCPMt2Dze4-BauPpkLGB4L7g"]}]}},"_links":{"self":[{"href":"https:\/\/www.meupatrocinio.com\/en\/wp-json\/wp\/v2\/pages\/14472","targetHints":{"allow":["GET"]}}],"collection":[{"href":"https:\/\/www.meupatrocinio.com\/en\/wp-json\/wp\/v2\/pages"}],"about":[{"href":"https:\/\/www.meupatrocinio.com\/en\/wp-json\/wp\/v2\/types\/page"}],"author":[{"embeddable":true,"href":"https:\/\/www.meupatrocinio.com\/en\/wp-json\/wp\/v2\/users\/9"}],"replies":[{"embeddable":true,"href":"https:\/\/www.meupatrocinio.com\/en\/wp-json\/wp\/v2\/comments?post=14472"}],"version-history":[{"count":0,"href":"https:\/\/www.meupatrocinio.com\/en\/wp-json\/wp\/v2\/pages\/14472\/revisions"}],"wp:featuredmedia":[{"embeddable":true,"href":"https:\/\/www.meupatrocinio.com\/en\/wp-json\/wp\/v2\/media\/13154"}],"wp:attachment":[{"href":"https:\/\/www.meupatrocinio.com\/en\/wp-json\/wp\/v2\/media?parent=14472"}],"curies":[{"name":"wp","href":"https:\/\/api.w.org\/{rel}","templated":true}]}}