{"id":5772,"date":"2020-02-24T10:05:46","date_gmt":"2020-02-24T10:05:46","guid":{"rendered":"https:\/\/www.meupatrocinio.com\/?page_id=5772"},"modified":"2026-03-18T22:41:28","modified_gmt":"2026-03-18T22:41:28","slug":"contact","status":"publish","type":"page","link":"https:\/\/www.meupatrocinio.com\/en\/contact\/","title":{"rendered":"Contact &#8211; Questions, Suggestions or Help &#8211; MeuPatroc\u00ednio"},"content":{"rendered":"<style> .zrf-form label, .zrf-form input[type=text], .zrf-form input[type=password], .zrf-form input[type=tel], .zrf-form input[type=email], .zrf-form input[type=file], .zrf-form textarea, .zrf-form select {width:100%;font-family:inherit;font-size:inherit;} .zrf_extra_info {font-size: 80%;} <\/style><div id=\"zrf-form\" class=\"zrf-form\"><form method=\"post\" action=\"https:\/\/www.meupatrocinio.com\/wp-admin\/admin-ajax.php\"  ><input type=\"hidden\" name=\"zen_begin\" value=\"zen_begin\" readonly><input type=\"hidden\" name=\"zen_return_url\" value=\"https:\/\/www.meupatrocinio.com\/en\/wp-json\/wp\/v2\/pages\/5772\"><p style=\"display:none\"><input type=\"text\" name=\"zrf-email-website\" value=\"\" autocomplete=\"off\"><\/p><p id=\"zendesk_field_zen_name\"><label for=\"zen_name\"><span class=\"zrf_field_title\">Name<\/span><\/label>  <input type=\"text\" name=\"zen_name\" id=\"zen_name\" class=\"zen_name_field\" value=\"\" required><\/p><p id=\"zendesk_field_zen_email\"><label for=\"zen_email\"><span class=\"zrf_field_title\">Email<\/span><\/label>  <input type=\"email\" name=\"zen_email\" id=\"zen_email\" value=\"\" placeholder=\"\" required><\/p><input type=\"hidden\" name=\"zen_field_group\" value=\"novos-campos\" readonly><p id=\"zendesk_field_360016256554\"><span class=\"zrf_field_title\"><label for=\"360016256554\">Assunto<\/label><\/span><select name=\"360016256554\" id=\"360016256554\" required=\"required\"><option value=\"\">Select an option<\/option><option value=\"problemas_de_pagamento\" >Problemas de pagamento<\/option><option value=\"problemas_no_site\" >Problemas no site<\/option><option value=\"lista_de_espera\" >Lista de espera<\/option><option value=\"den\u00fancias\" >Den\u00fancias<\/option><option value=\"cancelamento_de_renova\u00e7\u00e3o_autom\u00e1tica\" >Cancelamento de renova\u00e7\u00e3o autom\u00e1tica<\/option><option value=\"altera\u00e7\u00f5es_pendentes\" >Altera\u00e7\u00f5es pendentes<\/option><option value=\"d\u00favidas_gerais\" >D\u00favidas Gerais<\/option><\/select><\/p><p id=\"zendesk_field_114098322414\"><span class=\"zrf_field_title\"><label for=\"114098322414\">Voc\u00ea \u00e9:<\/label><\/span><select name=\"114098322414\" id=\"114098322414\" required=\"required\"><option value=\"\">Select an option<\/option><option value=\"sugar_baby\" >Sugar Baby<\/option><option value=\"sugar_daddy\" >Sugar Daddy<\/option><option value=\"sugar_mommy\" >Sugar Mommy<\/option><\/select><\/p><input type=\"hidden\" name=\"zen_subject\" value=\"\" readonly><p id=\"zendesk_field_zen_desc\"><label for=\"zen_desc\"><span class=\"zrf_field_title\">Message<\/span><\/label>  <textarea name=\"zen_desc\" id=\"zen_desc\" rows=\"8\" required><\/textarea><\/p><input type=\"hidden\" name=\"zen_user_agent\" value=\"1\"><input type=\"hidden\" name=\"action\" value=\"zrf_form_action\"><p id=\"zendesk_field_zen_submit\">  <input type=\"submit\" id=\"zrf_submit\" value=\"Submit\" onClick='ga(\"send\", \"event\", { eventCategory: \"Zendesk Request Form\", eventAction: \"Form Submitted\", eventLabel: \"Novos campos\" });' ><\/p><\/form><\/div>\r\n\t\t\t<script>\r\n\t\t\t\r\n\t\t\tjQuery(document).ready(function($) {\r\n\t\t\t\t\r\n\t\t\t\t\/\/ first letter of name uppercase\r\n\t\t\t\t$(\".zen_name_field\").on(\"keydown\", function(event) {\r\n\t\t\t\t\tif (this.selectionStart == 0 && event.keyCode >= 65 && event.keyCode <= 90 && !(event.shiftKey) && !(event.ctrlKey) && !(event.metaKey) && !(event.altKey)) {\r\n\t\t\t\t\t\tvar $t = $(this);\r\n\t\t\t\t\t\tevent.preventDefault();\r\n\t\t\t\t\t\tvar char = String.fromCharCode(event.keyCode);\r\n\t\t\t\t\t\t$t.val(char + $t.val().slice(this.selectionEnd));\r\n\t\t\t\t\t\tthis.setSelectionRange(1,1);\r\n\t\t\t\t\t}\r\n\t\t\t\t});\r\n\t\t\t\t\r\n\t\t\t\t\/\/ double click protection to stop duplicate submissions\r\n\t\t\t\t$(\"#zrf_submit\").removeAttr(\"disabled\");\r\n\t\t\t\t$(\"#zrf-form\").bind(\"submit\", function(e) {\r\n\t\t\t\t\t\r\n\t\t\t\t\t\r\n\t\t\t\t\t\/\/ check any URL fields\r\n\t\t\t\t\t$(this).find(\".zrf_input_url\").each(function() {\r\n\t\t\t\t\t\t\/\/ is the field required and has been left as http:\/\/ default?\r\n\t\t\t\t\t\tif (($(this).prop(\"required\"))&& ($(this).val() == \"http:\/\/\")) {\r\n\t\t\t\t\t\t\talert(\"Please enter a valid URL\");\r\n\t\t\t\t\t\t\t$(this).css(\"border\", \"2px solid #000\");\r\n\t\t\t\t\t\t\te.preventDefault();\r\n\t\t\t\t\t\t\treturn false;\r\n\t\t\t\t\t\t}\r\n\t\t\t\t\t});\r\n\t\t\t\t\t\r\n\t\t\t\t\t\/\/ disable submit button\r\n\t\t\t\t\t$(this).find(\"#zrf_submit\").attr(\"disabled\", \"disabled\");\r\n\t\t\t\t\t\/\/ re-enable after 3 seconds\r\n\t\t\t\t\tsetTimeout(function() {\r\n\t\t\t\t\t\t$(\"form\").find(\"#zrf_submit\").removeAttr(\"disabled\");\r\n\t\t\t\t\t}, 3000);\r\n\t\t\t\t\t\r\n\t\t\t\t});\r\n\t\t\t\t\r\n\t\t\t});\r\n\t\t\t<\/script>\n","protected":false},"excerpt":{"rendered":"","protected":false},"author":46,"featured_media":0,"parent":0,"menu_order":0,"comment_status":"closed","ping_status":"closed","template":"contact.php","meta":{"_acf_changed":false,"footnotes":""},"class_list":["post-5772","page","type-page","status-publish","hentry"],"acf":[],"yoast_head":"<!-- This site is optimized with the Yoast SEO plugin v27.2 - https:\/\/yoast.com\/product\/yoast-seo-wordpress\/ -->\n<title>Contact Us | MeuPatrocinio<\/title>\n<meta name=\"description\" content=\"Get in touch with MeuPatrocinio. Have a question or need support? Fill out our contact form and we will get back to you.\" \/>\n<meta name=\"robots\" content=\"index, follow, max-snippet:-1, max-image-preview:large, max-video-preview:-1\" \/>\n<link rel=\"canonical\" href=\"https:\/\/www.meupatrocinio.com\/en\/contact\/\" \/>\n<meta property=\"og:locale\" content=\"en_US\" \/>\n<meta property=\"og:type\" content=\"article\" \/>\n<meta property=\"og:title\" content=\"Contact Us | MeuPatrocinio\" \/>\n<meta property=\"og:description\" content=\"Get in touch with MeuPatrocinio. Have a question or need support? Fill out our contact form and we will get back to you.\" \/>\n<meta property=\"og:url\" content=\"https:\/\/www.meupatrocinio.com\/en\/contact\/\" \/>\n<meta property=\"og:site_name\" content=\"MeuPatroc\u00ednio\" \/>\n<meta property=\"article:publisher\" content=\"https:\/\/www.facebook.com\/meupatrocinio\" \/>\n<meta property=\"article:modified_time\" content=\"2026-03-18T22:41:28+00:00\" \/>\n<meta name=\"twitter:card\" content=\"summary_large_image\" \/>\n<meta name=\"twitter:site\" content=\"@meupatrocinio\" \/>\n<meta name=\"twitter:label1\" content=\"Est. reading time\" \/>\n\t<meta name=\"twitter:data1\" content=\"1 minute\" \/>\n<!-- \/ Yoast SEO plugin. -->","yoast_head_json":{"title":"Contact Us | MeuPatrocinio","description":"Get in touch with MeuPatrocinio. Have a question or need support? Fill out our contact form and we will get back to you.","robots":{"index":"index","follow":"follow","max-snippet":"max-snippet:-1","max-image-preview":"max-image-preview:large","max-video-preview":"max-video-preview:-1"},"canonical":"https:\/\/www.meupatrocinio.com\/en\/contact\/","og_locale":"en_US","og_type":"article","og_title":"Contact Us | MeuPatrocinio","og_description":"Get in touch with MeuPatrocinio. Have a question or need support? Fill out our contact form and we will get back to you.","og_url":"https:\/\/www.meupatrocinio.com\/en\/contact\/","og_site_name":"MeuPatroc\u00ednio","article_publisher":"https:\/\/www.facebook.com\/meupatrocinio","article_modified_time":"2026-03-18T22:41:28+00:00","twitter_card":"summary_large_image","twitter_site":"@meupatrocinio","twitter_misc":{"Est. reading time":"1 minute"},"schema":{"@context":"https:\/\/schema.org","@graph":[{"@type":"WebPage","@id":"https:\/\/www.meupatrocinio.com\/en\/contact\/","url":"https:\/\/www.meupatrocinio.com\/en\/contact\/","name":"Contact Us | MeuPatrocinio","isPartOf":{"@id":"https:\/\/www.meupatrocinio.com\/en\/#website"},"datePublished":"2020-02-24T10:05:46+00:00","dateModified":"2026-03-18T22:41:28+00:00","description":"Get in touch with MeuPatrocinio. Have a question or need support? Fill out our contact form and we will get back to you.","breadcrumb":{"@id":"https:\/\/www.meupatrocinio.com\/en\/contact\/#breadcrumb"},"inLanguage":"en-US","potentialAction":[{"@type":"ReadAction","target":["https:\/\/www.meupatrocinio.com\/en\/contact\/"]}]},{"@type":"BreadcrumbList","@id":"https:\/\/www.meupatrocinio.com\/en\/contact\/#breadcrumb","itemListElement":[{"@type":"ListItem","position":1,"name":"In\u00edcio","item":"https:\/\/www.meupatrocinio.com\/en\/"},{"@type":"ListItem","position":2,"name":"Contact &#8211; Questions, Suggestions or Help &#8211; MeuPatroc\u00ednio"}]},{"@type":"WebSite","@id":"https:\/\/www.meupatrocinio.com\/en\/#website","url":"https:\/\/www.meupatrocinio.com\/en\/","name":"MeuPatroc\u00ednio","description":"A maior comunidade para Sugar Daddy e Sugar Baby do Brasil","publisher":{"@id":"https:\/\/www.meupatrocinio.com\/en\/#organization"},"potentialAction":[{"@type":"SearchAction","target":{"@type":"EntryPoint","urlTemplate":"https:\/\/www.meupatrocinio.com\/en\/?s={search_term_string}"},"query-input":{"@type":"PropertyValueSpecification","valueRequired":true,"valueName":"search_term_string"}}],"inLanguage":"en-US"},{"@type":"Organization","@id":"https:\/\/www.meupatrocinio.com\/en\/#organization","name":"MeuPatroc\u00ednio","url":"https:\/\/www.meupatrocinio.com\/en\/","logo":{"@type":"ImageObject","inLanguage":"en-US","@id":"https:\/\/www.meupatrocinio.com\/en\/#\/schema\/logo\/image\/","url":"https:\/\/wp-assets-prod.meupatrocinio.com\/wp-content\/uploads\/2024\/07\/10184408\/MeuPatrocinio-logo-WH-BG.png","contentUrl":"https:\/\/wp-assets-prod.meupatrocinio.com\/wp-content\/uploads\/2024\/07\/10184408\/MeuPatrocinio-logo-WH-BG.png","width":1750,"height":267,"caption":"MeuPatroc\u00ednio"},"image":{"@id":"https:\/\/www.meupatrocinio.com\/en\/#\/schema\/logo\/image\/"},"sameAs":["https:\/\/www.facebook.com\/meupatrocinio","https:\/\/x.com\/meupatrocinio","https:\/\/www.instagram.com\/meupatrocinio\/","https:\/\/www.youtube.com\/channel\/UCPMt2Dze4-BauPpkLGB4L7g"]}]}},"_links":{"self":[{"href":"https:\/\/www.meupatrocinio.com\/en\/wp-json\/wp\/v2\/pages\/5772","targetHints":{"allow":["GET"]}}],"collection":[{"href":"https:\/\/www.meupatrocinio.com\/en\/wp-json\/wp\/v2\/pages"}],"about":[{"href":"https:\/\/www.meupatrocinio.com\/en\/wp-json\/wp\/v2\/types\/page"}],"author":[{"embeddable":true,"href":"https:\/\/www.meupatrocinio.com\/en\/wp-json\/wp\/v2\/users\/46"}],"replies":[{"embeddable":true,"href":"https:\/\/www.meupatrocinio.com\/en\/wp-json\/wp\/v2\/comments?post=5772"}],"version-history":[{"count":0,"href":"https:\/\/www.meupatrocinio.com\/en\/wp-json\/wp\/v2\/pages\/5772\/revisions"}],"wp:attachment":[{"href":"https:\/\/www.meupatrocinio.com\/en\/wp-json\/wp\/v2\/media?parent=5772"}],"curies":[{"name":"wp","href":"https:\/\/api.w.org\/{rel}","templated":true}]}}