{"id":13017,"date":"2026-03-21T09:24:59","date_gmt":"2026-03-21T09:24:59","guid":{"rendered":"https:\/\/www.meupatrocinio.com\/?page_id=13017"},"modified":"2026-03-21T09:25:04","modified_gmt":"2026-03-21T09:25:04","slug":"login","status":"publish","type":"page","link":"https:\/\/www.meupatrocinio.com\/es\/login\/","title":{"rendered":"Acceda a su Cuenta"},"content":{"rendered":"\n<p>Bienvenido de vuelta a MeuPatrocinio. Haga clic abajo para acceder a su cuenta de forma r\u00e1pida y segura.<\/p>\n","protected":false},"excerpt":{"rendered":"<p>Bienvenido de vuelta a MeuPatrocinio. Haga clic abajo para acceder a su cuenta de forma r\u00e1pida y segura.<\/p>\n","protected":false},"author":9,"featured_media":0,"parent":0,"menu_order":0,"comment_status":"closed","ping_status":"closed","template":"page-redirect.php","meta":{"_acf_changed":true,"footnotes":""},"class_list":["post-13017","page","type-page","status-publish","hentry"],"acf":[],"yoast_head":"<!-- This site is optimized with the Yoast SEO plugin v27.2 - https:\/\/yoast.com\/product\/yoast-seo-wordpress\/ -->\n<title>Iniciar sesi\u00f3n - MeuPatroc\u00ednio<\/title>\n<meta name=\"description\" content=\"Acceda a su cuenta MeuPatroc\u00ednio. Encuentre su Sugar Daddy o Sugar Baby.\" \/>\n<meta name=\"robots\" content=\"index, follow, max-snippet:-1, max-image-preview:large, max-video-preview:-1\" \/>\n<link rel=\"canonical\" href=\"https:\/\/www.meupatrocinio.com\/es\/login\/\" \/>\n<meta property=\"og:locale\" content=\"es_ES\" \/>\n<meta property=\"og:type\" content=\"article\" \/>\n<meta property=\"og:title\" content=\"Iniciar sesi\u00f3n - MeuPatroc\u00ednio\" \/>\n<meta property=\"og:description\" content=\"Acceda a su cuenta MeuPatroc\u00ednio. Encuentre su Sugar Daddy o Sugar Baby.\" \/>\n<meta property=\"og:url\" content=\"https:\/\/www.meupatrocinio.com\/es\/login\/\" \/>\n<meta property=\"og:site_name\" content=\"MeuPatroc\u00ednio\" \/>\n<meta property=\"article:publisher\" content=\"https:\/\/www.facebook.com\/meupatrocinio\" \/>\n<meta property=\"article:modified_time\" content=\"2026-03-21T09:25:04+00:00\" \/>\n<meta name=\"twitter:card\" content=\"summary_large_image\" \/>\n<meta name=\"twitter:site\" content=\"@meupatrocinio\" \/>\n<meta name=\"twitter:label1\" content=\"Tiempo de lectura\" \/>\n\t<meta name=\"twitter:data1\" content=\"1 minuto\" \/>\n<!-- \/ Yoast SEO plugin. -->","yoast_head_json":{"title":"Iniciar sesi\u00f3n - MeuPatroc\u00ednio","description":"Acceda a su cuenta MeuPatroc\u00ednio. Encuentre su Sugar Daddy o Sugar Baby.","robots":{"index":"index","follow":"follow","max-snippet":"max-snippet:-1","max-image-preview":"max-image-preview:large","max-video-preview":"max-video-preview:-1"},"canonical":"https:\/\/www.meupatrocinio.com\/es\/login\/","og_locale":"es_ES","og_type":"article","og_title":"Iniciar sesi\u00f3n - MeuPatroc\u00ednio","og_description":"Acceda a su cuenta MeuPatroc\u00ednio. Encuentre su Sugar Daddy o Sugar Baby.","og_url":"https:\/\/www.meupatrocinio.com\/es\/login\/","og_site_name":"MeuPatroc\u00ednio","article_publisher":"https:\/\/www.facebook.com\/meupatrocinio","article_modified_time":"2026-03-21T09:25:04+00:00","twitter_card":"summary_large_image","twitter_site":"@meupatrocinio","twitter_misc":{"Tiempo de lectura":"1 minuto"},"schema":{"@context":"https:\/\/schema.org","@graph":[{"@type":"WebPage","@id":"https:\/\/www.meupatrocinio.com\/es\/login\/","url":"https:\/\/www.meupatrocinio.com\/es\/login\/","name":"Iniciar sesi\u00f3n - MeuPatroc\u00ednio","isPartOf":{"@id":"https:\/\/www.meupatrocinio.com\/es\/#website"},"datePublished":"2026-03-21T09:24:59+00:00","dateModified":"2026-03-21T09:25:04+00:00","description":"Acceda a su cuenta MeuPatroc\u00ednio. Encuentre su Sugar Daddy o Sugar Baby.","breadcrumb":{"@id":"https:\/\/www.meupatrocinio.com\/es\/login\/#breadcrumb"},"inLanguage":"es","potentialAction":[{"@type":"ReadAction","target":["https:\/\/www.meupatrocinio.com\/es\/login\/"]}]},{"@type":"BreadcrumbList","@id":"https:\/\/www.meupatrocinio.com\/es\/login\/#breadcrumb","itemListElement":[{"@type":"ListItem","position":1,"name":"In\u00edcio","item":"https:\/\/www.meupatrocinio.com\/es\/"},{"@type":"ListItem","position":2,"name":"Acceda a su Cuenta"}]},{"@type":"WebSite","@id":"https:\/\/www.meupatrocinio.com\/es\/#website","url":"https:\/\/www.meupatrocinio.com\/es\/","name":"MeuPatroc\u00ednio","description":"A maior comunidade para Sugar Daddy e Sugar Baby do Brasil","publisher":{"@id":"https:\/\/www.meupatrocinio.com\/es\/#organization"},"potentialAction":[{"@type":"SearchAction","target":{"@type":"EntryPoint","urlTemplate":"https:\/\/www.meupatrocinio.com\/es\/?s={search_term_string}"},"query-input":{"@type":"PropertyValueSpecification","valueRequired":true,"valueName":"search_term_string"}}],"inLanguage":"es"},{"@type":"Organization","@id":"https:\/\/www.meupatrocinio.com\/es\/#organization","name":"MeuPatroc\u00ednio","url":"https:\/\/www.meupatrocinio.com\/es\/","logo":{"@type":"ImageObject","inLanguage":"es","@id":"https:\/\/www.meupatrocinio.com\/es\/#\/schema\/logo\/image\/","url":"https:\/\/wp-assets-prod.meupatrocinio.com\/wp-content\/uploads\/2024\/07\/10184408\/MeuPatrocinio-logo-WH-BG.png","contentUrl":"https:\/\/wp-assets-prod.meupatrocinio.com\/wp-content\/uploads\/2024\/07\/10184408\/MeuPatrocinio-logo-WH-BG.png","width":1750,"height":267,"caption":"MeuPatroc\u00ednio"},"image":{"@id":"https:\/\/www.meupatrocinio.com\/es\/#\/schema\/logo\/image\/"},"sameAs":["https:\/\/www.facebook.com\/meupatrocinio","https:\/\/x.com\/meupatrocinio","https:\/\/www.instagram.com\/meupatrocinio\/","https:\/\/www.youtube.com\/channel\/UCPMt2Dze4-BauPpkLGB4L7g"]}]}},"_links":{"self":[{"href":"https:\/\/www.meupatrocinio.com\/es\/wp-json\/wp\/v2\/pages\/13017","targetHints":{"allow":["GET"]}}],"collection":[{"href":"https:\/\/www.meupatrocinio.com\/es\/wp-json\/wp\/v2\/pages"}],"about":[{"href":"https:\/\/www.meupatrocinio.com\/es\/wp-json\/wp\/v2\/types\/page"}],"author":[{"embeddable":true,"href":"https:\/\/www.meupatrocinio.com\/es\/wp-json\/wp\/v2\/users\/9"}],"replies":[{"embeddable":true,"href":"https:\/\/www.meupatrocinio.com\/es\/wp-json\/wp\/v2\/comments?post=13017"}],"version-history":[{"count":0,"href":"https:\/\/www.meupatrocinio.com\/es\/wp-json\/wp\/v2\/pages\/13017\/revisions"}],"wp:attachment":[{"href":"https:\/\/www.meupatrocinio.com\/es\/wp-json\/wp\/v2\/media?parent=13017"}],"curies":[{"name":"wp","href":"https:\/\/api.w.org\/{rel}","templated":true}]}}