{"id":14471,"date":"2026-04-01T11:40:56","date_gmt":"2026-04-01T11:40:56","guid":{"rendered":"https:\/\/www.meupatrocinio.com\/?page_id=14471"},"modified":"2026-04-01T14:04:51","modified_gmt":"2026-04-01T14:04:51","slug":"que-es-un-sugar-daddy","status":"publish","type":"page","link":"https:\/\/www.meupatrocinio.com\/es\/que-es-un-sugar-daddy\/","title":{"rendered":"Sugar Daddy: El Mejor Estilo de Relaci\u00f3n"},"content":{"rendered":"","protected":false},"excerpt":{"rendered":"","protected":false},"author":9,"featured_media":10909,"parent":0,"menu_order":0,"comment_status":"closed","ping_status":"closed","template":"landing-page.php","meta":{"_acf_changed":false,"footnotes":""},"class_list":["post-14471","page","type-page","status-publish","has-post-thumbnail","hentry"],"acf":[],"yoast_head":"<!-- This site is optimized with the Yoast SEO plugin v27.2 - https:\/\/yoast.com\/product\/yoast-seo-wordpress\/ -->\n<title>Sugar Daddy: El Mejor Estilo de Relaci\u00f3n - MeuPatroc\u00ednio<\/title>\n<meta name=\"description\" content=\"Sugar Daddy: El Mejor Estilo de Relaci\u00f3n - MeuPatroc\u00ednio\" \/>\n<meta name=\"robots\" content=\"index, follow, max-snippet:-1, max-image-preview:large, max-video-preview:-1\" \/>\n<link rel=\"canonical\" href=\"https:\/\/www.meupatrocinio.com\/es\/que-es-un-sugar-daddy\/\" \/>\n<meta property=\"og:locale\" content=\"es_ES\" \/>\n<meta property=\"og:type\" content=\"article\" \/>\n<meta property=\"og:title\" content=\"Sugar Daddy: El Mejor Estilo de Relaci\u00f3n - MeuPatroc\u00ednio\" \/>\n<meta property=\"og:description\" content=\"Sugar Daddy: El Mejor Estilo de Relaci\u00f3n - MeuPatroc\u00ednio\" \/>\n<meta property=\"og:url\" content=\"https:\/\/www.meupatrocinio.com\/es\/que-es-un-sugar-daddy\/\" \/>\n<meta property=\"og:site_name\" content=\"MeuPatroc\u00ednio\" \/>\n<meta property=\"article:publisher\" content=\"https:\/\/www.facebook.com\/meupatrocinio\" \/>\n<meta property=\"article:modified_time\" content=\"2026-04-01T14:04:51+00:00\" \/>\n<meta property=\"og:image\" content=\"https:\/\/wp-assets-prod.meupatrocinio.com\/wp-content\/uploads\/2024\/08\/16175027\/o-que-e-sugar-daddy-homem-elegante-1.webp\" \/>\n\t<meta property=\"og:image:width\" content=\"1900\" \/>\n\t<meta property=\"og:image:height\" content=\"500\" \/>\n\t<meta property=\"og:image:type\" content=\"image\/webp\" \/>\n<meta name=\"twitter:card\" content=\"summary_large_image\" \/>\n<meta name=\"twitter:site\" content=\"@meupatrocinio\" \/>\n<!-- \/ Yoast SEO plugin. -->","yoast_head_json":{"title":"Sugar Daddy: El Mejor Estilo de Relaci\u00f3n - MeuPatroc\u00ednio","description":"Sugar Daddy: El Mejor Estilo de Relaci\u00f3n - MeuPatroc\u00ednio","robots":{"index":"index","follow":"follow","max-snippet":"max-snippet:-1","max-image-preview":"max-image-preview:large","max-video-preview":"max-video-preview:-1"},"canonical":"https:\/\/www.meupatrocinio.com\/es\/que-es-un-sugar-daddy\/","og_locale":"es_ES","og_type":"article","og_title":"Sugar Daddy: El Mejor Estilo de Relaci\u00f3n - MeuPatroc\u00ednio","og_description":"Sugar Daddy: El Mejor Estilo de Relaci\u00f3n - MeuPatroc\u00ednio","og_url":"https:\/\/www.meupatrocinio.com\/es\/que-es-un-sugar-daddy\/","og_site_name":"MeuPatroc\u00ednio","article_publisher":"https:\/\/www.facebook.com\/meupatrocinio","article_modified_time":"2026-04-01T14:04:51+00:00","og_image":[{"width":1900,"height":500,"url":"https:\/\/wp-assets-prod.meupatrocinio.com\/wp-content\/uploads\/2024\/08\/16175027\/o-que-e-sugar-daddy-homem-elegante-1.webp","type":"image\/webp"}],"twitter_card":"summary_large_image","twitter_site":"@meupatrocinio","schema":{"@context":"https:\/\/schema.org","@graph":[{"@type":"WebPage","@id":"https:\/\/www.meupatrocinio.com\/es\/que-es-un-sugar-daddy\/","url":"https:\/\/www.meupatrocinio.com\/es\/que-es-un-sugar-daddy\/","name":"Sugar Daddy: El Mejor Estilo de Relaci\u00f3n - MeuPatroc\u00ednio","isPartOf":{"@id":"https:\/\/www.meupatrocinio.com\/es\/#website"},"primaryImageOfPage":{"@id":"https:\/\/www.meupatrocinio.com\/es\/que-es-un-sugar-daddy\/#primaryimage"},"image":{"@id":"https:\/\/www.meupatrocinio.com\/es\/que-es-un-sugar-daddy\/#primaryimage"},"thumbnailUrl":"https:\/\/wp-assets-prod.meupatrocinio.com\/wp-content\/uploads\/2024\/08\/16175027\/o-que-e-sugar-daddy-homem-elegante-1.webp","datePublished":"2026-04-01T11:40:56+00:00","dateModified":"2026-04-01T14:04:51+00:00","description":"Sugar Daddy: El Mejor Estilo de Relaci\u00f3n - MeuPatroc\u00ednio","breadcrumb":{"@id":"https:\/\/www.meupatrocinio.com\/es\/que-es-un-sugar-daddy\/#breadcrumb"},"inLanguage":"es","potentialAction":[{"@type":"ReadAction","target":["https:\/\/www.meupatrocinio.com\/es\/que-es-un-sugar-daddy\/"]}]},{"@type":"ImageObject","inLanguage":"es","@id":"https:\/\/www.meupatrocinio.com\/es\/que-es-un-sugar-daddy\/#primaryimage","url":"https:\/\/wp-assets-prod.meupatrocinio.com\/wp-content\/uploads\/2024\/08\/16175027\/o-que-e-sugar-daddy-homem-elegante-1.webp","contentUrl":"https:\/\/wp-assets-prod.meupatrocinio.com\/wp-content\/uploads\/2024\/08\/16175027\/o-que-e-sugar-daddy-homem-elegante-1.webp","width":1900,"height":500,"caption":"Sugar Daddy sentado em uma cadeira de couro em uma sala luxuosa, simbolizando poder e sucesso."},{"@type":"BreadcrumbList","@id":"https:\/\/www.meupatrocinio.com\/es\/que-es-un-sugar-daddy\/#breadcrumb","itemListElement":[{"@type":"ListItem","position":1,"name":"In\u00edcio","item":"https:\/\/www.meupatrocinio.com\/es\/"},{"@type":"ListItem","position":2,"name":"Sugar Daddy: El Mejor Estilo de Relaci\u00f3n"}]},{"@type":"WebSite","@id":"https:\/\/www.meupatrocinio.com\/es\/#website","url":"https:\/\/www.meupatrocinio.com\/es\/","name":"MeuPatroc\u00ednio","description":"A maior comunidade para Sugar Daddy e Sugar Baby do Brasil","publisher":{"@id":"https:\/\/www.meupatrocinio.com\/es\/#organization"},"potentialAction":[{"@type":"SearchAction","target":{"@type":"EntryPoint","urlTemplate":"https:\/\/www.meupatrocinio.com\/es\/?s={search_term_string}"},"query-input":{"@type":"PropertyValueSpecification","valueRequired":true,"valueName":"search_term_string"}}],"inLanguage":"es"},{"@type":"Organization","@id":"https:\/\/www.meupatrocinio.com\/es\/#organization","name":"MeuPatroc\u00ednio","url":"https:\/\/www.meupatrocinio.com\/es\/","logo":{"@type":"ImageObject","inLanguage":"es","@id":"https:\/\/www.meupatrocinio.com\/es\/#\/schema\/logo\/image\/","url":"https:\/\/wp-assets-prod.meupatrocinio.com\/wp-content\/uploads\/2024\/07\/10184408\/MeuPatrocinio-logo-WH-BG.png","contentUrl":"https:\/\/wp-assets-prod.meupatrocinio.com\/wp-content\/uploads\/2024\/07\/10184408\/MeuPatrocinio-logo-WH-BG.png","width":1750,"height":267,"caption":"MeuPatroc\u00ednio"},"image":{"@id":"https:\/\/www.meupatrocinio.com\/es\/#\/schema\/logo\/image\/"},"sameAs":["https:\/\/www.facebook.com\/meupatrocinio","https:\/\/x.com\/meupatrocinio","https:\/\/www.instagram.com\/meupatrocinio\/","https:\/\/www.youtube.com\/channel\/UCPMt2Dze4-BauPpkLGB4L7g"]}]}},"_links":{"self":[{"href":"https:\/\/www.meupatrocinio.com\/es\/wp-json\/wp\/v2\/pages\/14471","targetHints":{"allow":["GET"]}}],"collection":[{"href":"https:\/\/www.meupatrocinio.com\/es\/wp-json\/wp\/v2\/pages"}],"about":[{"href":"https:\/\/www.meupatrocinio.com\/es\/wp-json\/wp\/v2\/types\/page"}],"author":[{"embeddable":true,"href":"https:\/\/www.meupatrocinio.com\/es\/wp-json\/wp\/v2\/users\/9"}],"replies":[{"embeddable":true,"href":"https:\/\/www.meupatrocinio.com\/es\/wp-json\/wp\/v2\/comments?post=14471"}],"version-history":[{"count":0,"href":"https:\/\/www.meupatrocinio.com\/es\/wp-json\/wp\/v2\/pages\/14471\/revisions"}],"wp:featuredmedia":[{"embeddable":true,"href":"https:\/\/www.meupatrocinio.com\/es\/wp-json\/wp\/v2\/media\/10909"}],"wp:attachment":[{"href":"https:\/\/www.meupatrocinio.com\/es\/wp-json\/wp\/v2\/media?parent=14471"}],"curies":[{"name":"wp","href":"https:\/\/api.w.org\/{rel}","templated":true}]}}