{"id":14477,"date":"2026-04-01T13:08:20","date_gmt":"2026-04-01T13:08:20","guid":{"rendered":"https:\/\/www.meupatrocinio.com\/?page_id=14477"},"modified":"2026-04-01T13:13:34","modified_gmt":"2026-04-01T13:13:34","slug":"testimonios","status":"publish","type":"page","link":"https:\/\/www.meupatrocinio.com\/es\/testimonios\/","title":{"rendered":"Testimonios &#8211; MeuPatroc\u00ednio"},"content":{"rendered":"","protected":false},"excerpt":{"rendered":"","protected":false},"author":9,"featured_media":0,"parent":0,"menu_order":0,"comment_status":"closed","ping_status":"closed","template":"depoimentos.php","meta":{"_acf_changed":false,"footnotes":""},"class_list":["post-14477","page","type-page","status-publish","hentry"],"acf":[],"yoast_head":"<!-- This site is optimized with the Yoast SEO plugin v27.2 - https:\/\/yoast.com\/product\/yoast-seo-wordpress\/ -->\n<title>Testimonios - MeuPatroc\u00ednio - MeuPatroc\u00ednio<\/title>\n<meta name=\"description\" content=\"Testimonios - MeuPatroc\u00ednio - MeuPatroc\u00ednio\" \/>\n<meta name=\"robots\" content=\"index, follow, max-snippet:-1, max-image-preview:large, max-video-preview:-1\" \/>\n<link rel=\"canonical\" href=\"https:\/\/www.meupatrocinio.com\/es\/testimonios\/\" \/>\n<meta property=\"og:locale\" content=\"es_ES\" \/>\n<meta property=\"og:type\" content=\"article\" \/>\n<meta property=\"og:title\" content=\"Testimonios - MeuPatroc\u00ednio - MeuPatroc\u00ednio\" \/>\n<meta property=\"og:description\" content=\"Testimonios - MeuPatroc\u00ednio - MeuPatroc\u00ednio\" \/>\n<meta property=\"og:url\" content=\"https:\/\/www.meupatrocinio.com\/es\/testimonios\/\" \/>\n<meta property=\"og:site_name\" content=\"MeuPatroc\u00ednio\" \/>\n<meta property=\"article:publisher\" content=\"https:\/\/www.facebook.com\/meupatrocinio\" \/>\n<meta property=\"article:modified_time\" content=\"2026-04-01T13:13:34+00:00\" \/>\n<meta name=\"twitter:card\" content=\"summary_large_image\" \/>\n<meta name=\"twitter:site\" content=\"@meupatrocinio\" \/>\n<!-- \/ Yoast SEO plugin. -->","yoast_head_json":{"title":"Testimonios - MeuPatroc\u00ednio - MeuPatroc\u00ednio","description":"Testimonios - MeuPatroc\u00ednio - MeuPatroc\u00ednio","robots":{"index":"index","follow":"follow","max-snippet":"max-snippet:-1","max-image-preview":"max-image-preview:large","max-video-preview":"max-video-preview:-1"},"canonical":"https:\/\/www.meupatrocinio.com\/es\/testimonios\/","og_locale":"es_ES","og_type":"article","og_title":"Testimonios - MeuPatroc\u00ednio - MeuPatroc\u00ednio","og_description":"Testimonios - MeuPatroc\u00ednio - MeuPatroc\u00ednio","og_url":"https:\/\/www.meupatrocinio.com\/es\/testimonios\/","og_site_name":"MeuPatroc\u00ednio","article_publisher":"https:\/\/www.facebook.com\/meupatrocinio","article_modified_time":"2026-04-01T13:13:34+00:00","twitter_card":"summary_large_image","twitter_site":"@meupatrocinio","schema":{"@context":"https:\/\/schema.org","@graph":[{"@type":"WebPage","@id":"https:\/\/www.meupatrocinio.com\/es\/testimonios\/","url":"https:\/\/www.meupatrocinio.com\/es\/testimonios\/","name":"Testimonios - MeuPatroc\u00ednio - MeuPatroc\u00ednio","isPartOf":{"@id":"https:\/\/www.meupatrocinio.com\/es\/#website"},"datePublished":"2026-04-01T13:08:20+00:00","dateModified":"2026-04-01T13:13:34+00:00","description":"Testimonios - MeuPatroc\u00ednio - MeuPatroc\u00ednio","breadcrumb":{"@id":"https:\/\/www.meupatrocinio.com\/es\/testimonios\/#breadcrumb"},"inLanguage":"es","potentialAction":[{"@type":"ReadAction","target":["https:\/\/www.meupatrocinio.com\/es\/testimonios\/"]}]},{"@type":"BreadcrumbList","@id":"https:\/\/www.meupatrocinio.com\/es\/testimonios\/#breadcrumb","itemListElement":[{"@type":"ListItem","position":1,"name":"In\u00edcio","item":"https:\/\/www.meupatrocinio.com\/es\/"},{"@type":"ListItem","position":2,"name":"Testimonios &#8211; MeuPatroc\u00ednio"}]},{"@type":"WebSite","@id":"https:\/\/www.meupatrocinio.com\/es\/#website","url":"https:\/\/www.meupatrocinio.com\/es\/","name":"MeuPatroc\u00ednio","description":"A maior comunidade para Sugar Daddy e Sugar Baby do Brasil","publisher":{"@id":"https:\/\/www.meupatrocinio.com\/es\/#organization"},"potentialAction":[{"@type":"SearchAction","target":{"@type":"EntryPoint","urlTemplate":"https:\/\/www.meupatrocinio.com\/es\/?s={search_term_string}"},"query-input":{"@type":"PropertyValueSpecification","valueRequired":true,"valueName":"search_term_string"}}],"inLanguage":"es"},{"@type":"Organization","@id":"https:\/\/www.meupatrocinio.com\/es\/#organization","name":"MeuPatroc\u00ednio","url":"https:\/\/www.meupatrocinio.com\/es\/","logo":{"@type":"ImageObject","inLanguage":"es","@id":"https:\/\/www.meupatrocinio.com\/es\/#\/schema\/logo\/image\/","url":"https:\/\/wp-assets-prod.meupatrocinio.com\/wp-content\/uploads\/2024\/07\/10184408\/MeuPatrocinio-logo-WH-BG.png","contentUrl":"https:\/\/wp-assets-prod.meupatrocinio.com\/wp-content\/uploads\/2024\/07\/10184408\/MeuPatrocinio-logo-WH-BG.png","width":1750,"height":267,"caption":"MeuPatroc\u00ednio"},"image":{"@id":"https:\/\/www.meupatrocinio.com\/es\/#\/schema\/logo\/image\/"},"sameAs":["https:\/\/www.facebook.com\/meupatrocinio","https:\/\/x.com\/meupatrocinio","https:\/\/www.instagram.com\/meupatrocinio\/","https:\/\/www.youtube.com\/channel\/UCPMt2Dze4-BauPpkLGB4L7g"]}]}},"_links":{"self":[{"href":"https:\/\/www.meupatrocinio.com\/es\/wp-json\/wp\/v2\/pages\/14477","targetHints":{"allow":["GET"]}}],"collection":[{"href":"https:\/\/www.meupatrocinio.com\/es\/wp-json\/wp\/v2\/pages"}],"about":[{"href":"https:\/\/www.meupatrocinio.com\/es\/wp-json\/wp\/v2\/types\/page"}],"author":[{"embeddable":true,"href":"https:\/\/www.meupatrocinio.com\/es\/wp-json\/wp\/v2\/users\/9"}],"replies":[{"embeddable":true,"href":"https:\/\/www.meupatrocinio.com\/es\/wp-json\/wp\/v2\/comments?post=14477"}],"version-history":[{"count":0,"href":"https:\/\/www.meupatrocinio.com\/es\/wp-json\/wp\/v2\/pages\/14477\/revisions"}],"wp:attachment":[{"href":"https:\/\/www.meupatrocinio.com\/es\/wp-json\/wp\/v2\/media?parent=14477"}],"curies":[{"name":"wp","href":"https:\/\/api.w.org\/{rel}","templated":true}]}}