{"id":6592,"date":"2016-04-14T21:23:03","date_gmt":"2016-04-14T21:23:03","guid":{"rendered":"https:\/\/www.meupatrocinio.com\/sugar-mommy\/"},"modified":"2026-03-14T00:29:19","modified_gmt":"2026-03-14T00:29:19","slug":"sugar-mommy","status":"publish","type":"page","link":"https:\/\/www.meupatrocinio.com\/es\/sugar-mommy\/","title":{"rendered":"\u00bfQu\u00e9 es una Sugar Mommy? &#8211; MeuPatroc\u00ednio"},"content":{"rendered":"<p>[title-b4 title-tag=&#8221;h1&#8243;]\u00bfEs una Sugar Mommy?[\/title-b4]<br \/>\n[row-sugar-tree sugar-img-1=&#8221;https:\/\/wp-assets-prod.meupatrocinio.com\/wp-content\/uploads\/2016\/04\/17220838\/sm_perfil_01.jpg&#8221; sugar-text-1=&#8221;Usted tiene experiencia, confianza y es madura. Ya ha vivido muchas cosas y, hoy, es una mujer de \u00e9xito.&#8221; sugar-img-2=&#8221;https:\/\/wp-assets-prod.meupatrocinio.com\/wp-content\/uploads\/2016\/04\/17220829\/sm_perfil_02.jpg&#8221; sugar-text-2=&#8221;Trabaja mucho y tiene poco tiempo para s\u00ed misma. Cuando lo tiene, prefiere estar con alguien decidido, atractivo y agradable.&#8221; sugar-img-3=&#8221;https:\/\/wp-assets-prod.meupatrocinio.com\/wp-content\/uploads\/2016\/04\/17220818\/sm_perfil_03.jpg&#8221; sugar-text-3=&#8221;\u00bfEst\u00e1 cansada de ir a los mismos lugares y no tener compa\u00f1\u00eda para hacer lo que realmente le gusta? \u00a1Aqu\u00ed encontrar\u00e1 a su pareja ideal!&#8221;]<br \/>\n[title-b4 title-tag=&#8221;h2&#8243;]Encuentre a una persona linda y profunda[\/title-b4]<br \/>\n[row-sugar-featured featured-img-1=&#8221;https:\/\/wp-assets-prod.meupatrocinio.com\/wp-content\/uploads\/2016\/04\/17220850\/perfil_sbm.jpg&#8221; featured-text-1=&#8221;Trabaj\u00f3 mucho para convertirse en la persona de \u00e9xito que es hoy. Quiere lo mejor que ofrece la vida, y prefiere compartirla con alguien con la misma energ\u00eda y que tenga la suficiente profundidad para vivir la vida con usted, vaya donde vaya. Meu Patroc\u00ednio le ayuda a encontrar a mujeres atractivas y prometedoras para establecer una relaci\u00f3n verdadera y transparente.&#8221;]<br \/>\n[row-sugar-baby-masculine-2018]<br \/>\n[blog-posts title=&#8221;Para Sugars Mommies&#8221;]<br \/>\n[call-to-action-register]<\/p>\n","protected":false},"excerpt":{"rendered":"<p>[title-b4 title-tag=&#8221;h1&#8243;]\u00bfEs una Sugar Mommy?[\/title-b4] [row-sugar-tree sugar-img-1=&#8221;https:\/\/wp-assets-prod.meupatrocinio.com\/wp-content\/uploads\/2016\/04\/17220838\/sm_perfil_01.jpg&#8221; sugar-text-1=&#8221;Usted tiene experiencia, confianza y es madura. Ya ha vivido muchas cosas y, hoy, es una mujer de \u00e9xito.&#8221; sugar-img-2=&#8221;https:\/\/wp-assets-prod.meupatrocinio.com\/wp-content\/uploads\/2016\/04\/17220829\/sm_perfil_02.jpg&#8221; sugar-text-2=&#8221;Trabaja mucho y tiene poco tiempo para s\u00ed misma. Cuando lo tiene, prefiere estar con alguien decidido, atractivo y agradable.&#8221; sugar-img-3=&#8221;https:\/\/wp-assets-prod.meupatrocinio.com\/wp-content\/uploads\/2016\/04\/17220818\/sm_perfil_03.jpg&#8221; sugar-text-3=&#8221;\u00bfEst\u00e1 cansada de ir a los mismos [&hellip;]<\/p>\n","protected":false},"author":27,"featured_media":0,"parent":0,"menu_order":0,"comment_status":"closed","ping_status":"closed","template":"landing-page.php","meta":{"_acf_changed":true,"footnotes":""},"class_list":["post-6592","page","type-page","status-publish","hentry"],"acf":[],"yoast_head":"<!-- This site is optimized with the Yoast SEO plugin v27.2 - https:\/\/yoast.com\/product\/yoast-seo-wordpress\/ -->\n<title>\u00bfQu\u00e9 es una Sugar Mommy? | MeuPatrocinio<\/title>\n<meta name=\"description\" content=\"Descubr\u00ed qu\u00e9 es una Sugar Mommy y c\u00f3mo MeuPatrocinio conecta mujeres exitosas con parejas m\u00e1s j\u00f3venes para relaciones basadas en beneficio mutuo.\" \/>\n<meta name=\"robots\" content=\"index, follow, max-snippet:-1, max-image-preview:large, max-video-preview:-1\" \/>\n<link rel=\"canonical\" href=\"https:\/\/www.meupatrocinio.com\/es\/sugar-mommy\/\" \/>\n<meta property=\"og:locale\" content=\"es_ES\" \/>\n<meta property=\"og:type\" content=\"article\" \/>\n<meta property=\"og:title\" content=\"\u00bfQu\u00e9 es una Sugar Mommy? | MeuPatrocinio\" \/>\n<meta property=\"og:description\" content=\"Descubr\u00ed qu\u00e9 es una Sugar Mommy y c\u00f3mo MeuPatrocinio conecta mujeres exitosas con parejas m\u00e1s j\u00f3venes para relaciones basadas en beneficio mutuo.\" \/>\n<meta property=\"og:url\" content=\"https:\/\/www.meupatrocinio.com\/es\/sugar-mommy\/\" \/>\n<meta property=\"og:site_name\" content=\"MeuPatroc\u00ednio\" \/>\n<meta property=\"article:publisher\" content=\"https:\/\/www.facebook.com\/meupatrocinio\" \/>\n<meta property=\"article:modified_time\" content=\"2026-03-14T00:29:19+00:00\" \/>\n<meta name=\"twitter:card\" content=\"summary_large_image\" \/>\n<meta name=\"twitter:site\" content=\"@meupatrocinio\" \/>\n<meta name=\"twitter:label1\" content=\"Tiempo de lectura\" \/>\n\t<meta name=\"twitter:data1\" content=\"1 minuto\" \/>\n<!-- \/ Yoast SEO plugin. -->","yoast_head_json":{"title":"\u00bfQu\u00e9 es una Sugar Mommy? | MeuPatrocinio","description":"Descubr\u00ed qu\u00e9 es una Sugar Mommy y c\u00f3mo MeuPatrocinio conecta mujeres exitosas con parejas m\u00e1s j\u00f3venes para relaciones basadas en beneficio mutuo.","robots":{"index":"index","follow":"follow","max-snippet":"max-snippet:-1","max-image-preview":"max-image-preview:large","max-video-preview":"max-video-preview:-1"},"canonical":"https:\/\/www.meupatrocinio.com\/es\/sugar-mommy\/","og_locale":"es_ES","og_type":"article","og_title":"\u00bfQu\u00e9 es una Sugar Mommy? | MeuPatrocinio","og_description":"Descubr\u00ed qu\u00e9 es una Sugar Mommy y c\u00f3mo MeuPatrocinio conecta mujeres exitosas con parejas m\u00e1s j\u00f3venes para relaciones basadas en beneficio mutuo.","og_url":"https:\/\/www.meupatrocinio.com\/es\/sugar-mommy\/","og_site_name":"MeuPatroc\u00ednio","article_publisher":"https:\/\/www.facebook.com\/meupatrocinio","article_modified_time":"2026-03-14T00:29:19+00:00","twitter_card":"summary_large_image","twitter_site":"@meupatrocinio","twitter_misc":{"Tiempo de lectura":"1 minuto"},"schema":{"@context":"https:\/\/schema.org","@graph":[{"@type":"WebPage","@id":"https:\/\/www.meupatrocinio.com\/es\/sugar-mommy\/","url":"https:\/\/www.meupatrocinio.com\/es\/sugar-mommy\/","name":"\u00bfQu\u00e9 es una Sugar Mommy? | MeuPatrocinio","isPartOf":{"@id":"https:\/\/www.meupatrocinio.com\/es\/#website"},"datePublished":"2016-04-14T21:23:03+00:00","dateModified":"2026-03-14T00:29:19+00:00","description":"Descubr\u00ed qu\u00e9 es una Sugar Mommy y c\u00f3mo MeuPatrocinio conecta mujeres exitosas con parejas m\u00e1s j\u00f3venes para relaciones basadas en beneficio mutuo.","breadcrumb":{"@id":"https:\/\/www.meupatrocinio.com\/es\/sugar-mommy\/#breadcrumb"},"inLanguage":"es","potentialAction":[{"@type":"ReadAction","target":["https:\/\/www.meupatrocinio.com\/es\/sugar-mommy\/"]}]},{"@type":"BreadcrumbList","@id":"https:\/\/www.meupatrocinio.com\/es\/sugar-mommy\/#breadcrumb","itemListElement":[{"@type":"ListItem","position":1,"name":"In\u00edcio","item":"https:\/\/www.meupatrocinio.com\/es\/"},{"@type":"ListItem","position":2,"name":"\u00bfQu\u00e9 es una Sugar Mommy? &#8211; MeuPatroc\u00ednio"}]},{"@type":"WebSite","@id":"https:\/\/www.meupatrocinio.com\/es\/#website","url":"https:\/\/www.meupatrocinio.com\/es\/","name":"MeuPatroc\u00ednio","description":"A maior comunidade para Sugar Daddy e Sugar Baby do Brasil","publisher":{"@id":"https:\/\/www.meupatrocinio.com\/es\/#organization"},"potentialAction":[{"@type":"SearchAction","target":{"@type":"EntryPoint","urlTemplate":"https:\/\/www.meupatrocinio.com\/es\/?s={search_term_string}"},"query-input":{"@type":"PropertyValueSpecification","valueRequired":true,"valueName":"search_term_string"}}],"inLanguage":"es"},{"@type":"Organization","@id":"https:\/\/www.meupatrocinio.com\/es\/#organization","name":"MeuPatroc\u00ednio","url":"https:\/\/www.meupatrocinio.com\/es\/","logo":{"@type":"ImageObject","inLanguage":"es","@id":"https:\/\/www.meupatrocinio.com\/es\/#\/schema\/logo\/image\/","url":"https:\/\/wp-assets-prod.meupatrocinio.com\/wp-content\/uploads\/2024\/07\/10184408\/MeuPatrocinio-logo-WH-BG.png","contentUrl":"https:\/\/wp-assets-prod.meupatrocinio.com\/wp-content\/uploads\/2024\/07\/10184408\/MeuPatrocinio-logo-WH-BG.png","width":1750,"height":267,"caption":"MeuPatroc\u00ednio"},"image":{"@id":"https:\/\/www.meupatrocinio.com\/es\/#\/schema\/logo\/image\/"},"sameAs":["https:\/\/www.facebook.com\/meupatrocinio","https:\/\/x.com\/meupatrocinio","https:\/\/www.instagram.com\/meupatrocinio\/","https:\/\/www.youtube.com\/channel\/UCPMt2Dze4-BauPpkLGB4L7g"]}]}},"_links":{"self":[{"href":"https:\/\/www.meupatrocinio.com\/es\/wp-json\/wp\/v2\/pages\/6592","targetHints":{"allow":["GET"]}}],"collection":[{"href":"https:\/\/www.meupatrocinio.com\/es\/wp-json\/wp\/v2\/pages"}],"about":[{"href":"https:\/\/www.meupatrocinio.com\/es\/wp-json\/wp\/v2\/types\/page"}],"author":[{"embeddable":true,"href":"https:\/\/www.meupatrocinio.com\/es\/wp-json\/wp\/v2\/users\/27"}],"replies":[{"embeddable":true,"href":"https:\/\/www.meupatrocinio.com\/es\/wp-json\/wp\/v2\/comments?post=6592"}],"version-history":[{"count":0,"href":"https:\/\/www.meupatrocinio.com\/es\/wp-json\/wp\/v2\/pages\/6592\/revisions"}],"wp:attachment":[{"href":"https:\/\/www.meupatrocinio.com\/es\/wp-json\/wp\/v2\/media?parent=6592"}],"curies":[{"name":"wp","href":"https:\/\/api.w.org\/{rel}","templated":true}]}}